{"id":143,"date":"2016-06-20T07:48:11","date_gmt":"2016-06-20T07:48:11","guid":{"rendered":"http:\/\/sw-themes.com\/porto_dummy\/?page_id=143"},"modified":"2022-10-24T15:48:02","modified_gmt":"2022-10-24T15:48:02","slug":"home","status":"publish","type":"page","link":"https:\/\/aragaoconsultores.com.br\/","title":{"rendered":"Home"},"content":{"rendered":"<p>[vc_row wrap_container=&#8221;yes&#8221; css=&#8221;.vc_custom_1544198523006{padding-top: 80px !important;padding-bottom: 80px !important;}&#8221;][vc_column width=&#8221;5\/6&#8243; offset=&#8221;vc_col-sm-offset-1&#8243;]<h1 class=\"word-rotator slide short\" data-appear-animation=\"fadeInUp\" style=\"text-align:center;\" data-plugin-options=\"{'waittime': 2500, 'pauseOnHover': false}\"><span class=\"word-rotate-prefix\" style=\"font-weight:700;font-size:32px !important;\">O seguro<\/span> <span class=\"word-rotator-items has-bg\" style=\"color:#ffffff;background:#0088cc;\"><b class=\"active\">automotivo<\/b><b>pessoal<\/b><b>empresarial<\/b><b>certo<\/b><\/span> <span class=\"word-rotate-suffix\" style=\"font-weight:700;font-size:32px !important;\">que voc\u00ea precisa!<\/span><\/h1>[vc_column_text css_animation=&#8221;fadeInUp&#8221; el_class=&#8221;lead mb-0&#8243;]<\/p>\n<p style=\"text-align: center;\">Solu\u00e7\u00f5es em seguros e consultoria sob medida para pessoas e empresas, atrav\u00e9s da tecnologia e da inova\u00e7\u00e3o, trazendo alta performance para a sua vida e seu neg\u00f3cio.<\/p>\n<p>[\/vc_column_text][\/vc_column][\/vc_row][vc_row wrap_container=&#8221;yes&#8221; section_text_color=&#8221;light&#8221; is_section=&#8221;yes&#8221; section_skin=&#8221;primary&#8221; remove_margin_top=&#8221;yes&#8221; remove_margin_bottom=&#8221;yes&#8221; remove_border=&#8221;yes&#8221; animation_delay=&#8221;&#8221; css=&#8221;.vc_custom_1666472604049{padding-top: 90px !important;padding-bottom: 120px !important;}&#8221; el_class=&#8221;section-info-boxes&#8221; el_id=&#8221;seguros&#8221;][vc_column width=&#8221;1\/3&#8243; animation_delay=&#8221;300&#8243; animation_type=&#8221;fadeInRight&#8221;]<div class=\"porto-sicon-box pb-4  wpb_custom_1efe903570d178ff0a9b7bfa5febd3a4 style_1 left-icon\"><div class=\"porto-sicon-left\"><div class=\"porto-just-icon-wrapper porto-icon advanced\" style=\"color:#0088cc;background:#ffffff;width:60px;height:60px;line-height:60px;border-radius:500px;font-size:28px;\"><i class=\"Simple-Line-Icons-people\"><\/i><\/div><\/div><div class=\"porto-sicon-body\"><div class=\"porto-sicon-header\"><h3 class=\"porto-sicon-title\" style=\"font-weight:700;font-size:1.2em;line-height:1;\">BENEF\u00cdCIOS<\/h3><\/div> <!-- header --><div class=\"porto-sicon-description\" style=\"color:rgba(255,255,255,0.7);\">Tranquilidade para o RH, felicidade para os colaboradores!<\/div> <!-- description --><\/div><\/div><!-- porto-sicon-box -->[\/vc_column][vc_column width=&#8221;1\/3&#8243; animation_type=&#8221;fadeInUp&#8221;]<div class=\"porto-sicon-box pb-4  wpb_custom_1efe903570d178ff0a9b7bfa5febd3a4 style_1 left-icon\"><div class=\"porto-sicon-left\"><div class=\"porto-just-icon-wrapper porto-icon advanced\" style=\"color:#0088cc;background:#ffffff;width:60px;height:60px;line-height:60px;border-radius:500px;font-size:28px;\"><i class=\"Simple-Line-Icons-briefcase\"><\/i><\/div><\/div><div class=\"porto-sicon-body\"><div class=\"porto-sicon-header\"><h3 class=\"porto-sicon-title\" style=\"font-weight:700;font-size:1.2em;line-height:1;\">SEGUROS CORPORATIVOS<\/h3><\/div> <!-- header --><div class=\"porto-sicon-description\" style=\"color:rgba(255,255,255,0.7);\">Prote\u00e7\u00e3o para qualquer situa\u00e7\u00e3o!<\/div> <!-- description --><\/div><\/div><!-- porto-sicon-box -->[\/vc_column][vc_column width=&#8221;1\/3&#8243; animation_delay=&#8221;300&#8243; animation_type=&#8221;fadeInLeft&#8221;]<div class=\"porto-sicon-box pb-4  wpb_custom_1efe903570d178ff0a9b7bfa5febd3a4 style_1 left-icon\"><div class=\"porto-sicon-left\"><div class=\"porto-just-icon-wrapper porto-icon advanced\" style=\"color:#0088cc;background:#ffffff;width:60px;height:60px;line-height:60px;border-radius:500px;font-size:28px;\"><i class=\"Simple-Line-Icons-diamond\"><\/i><\/div><\/div><div class=\"porto-sicon-body\"><div class=\"porto-sicon-header\"><h3 class=\"porto-sicon-title\" style=\"font-weight:700;font-size:1.2em;line-height:1;\">LINHAS FINANCEIRAS<\/h3><\/div> <!-- header --><div class=\"porto-sicon-description\" style=\"color:rgba(255,255,255,0.7);\">Prote\u00e7\u00e3o para o balan\u00e7o da sua empresa!<\/div> <!-- description --><\/div><\/div><!-- porto-sicon-box -->[\/vc_column][vc_column width=&#8221;1\/3&#8243; animation_delay=&#8221;300&#8243; animation_type=&#8221;fadeInRight&#8221;]<div class=\"porto-sicon-box pb-4  wpb_custom_1efe903570d178ff0a9b7bfa5febd3a4 style_1 left-icon\"><div class=\"porto-sicon-left\"><div class=\"porto-just-icon-wrapper porto-icon advanced\" style=\"color:#0088cc;background:#ffffff;width:60px;height:60px;line-height:60px;border-radius:500px;font-size:28px;\"><i class=\"fas fa-car\"><\/i><\/div><\/div><div class=\"porto-sicon-body\"><div class=\"porto-sicon-header\"><h3 class=\"porto-sicon-title\" style=\"font-weight:700;font-size:1.2em;line-height:1;\">AUTOM\u00d3VEL<\/h3><\/div> <!-- header --><div class=\"porto-sicon-description\" style=\"color:rgba(255,255,255,0.7);\">O seguro ideal para o seu autom\u00f3vel<\/div> <!-- description --><\/div><\/div><!-- porto-sicon-box --><div class=\"porto-sicon-box pb-4  wpb_custom_1efe903570d178ff0a9b7bfa5febd3a4 style_1 left-icon\"><div class=\"porto-sicon-left\"><div class=\"porto-just-icon-wrapper porto-icon advanced\" style=\"color:#0088cc;background:#ffffff;width:60px;height:60px;line-height:60px;border-radius:500px;font-size:28px;\"><i class=\"fas fa-building\"><\/i><\/div><\/div><div class=\"porto-sicon-body\"><div class=\"porto-sicon-header\"><h3 class=\"porto-sicon-title\" style=\"font-weight:700;font-size:1.2em;line-height:1;\">SEGUROS MASSIFICADOS<\/h3><\/div> <!-- header --><div class=\"porto-sicon-description\" style=\"color:rgba(255,255,255,0.7);\">Quer ampliar o potencial do seu neg\u00f3cio? Conhe\u00e7a nossas solu\u00e7\u00f5es!<\/div> <!-- description --><\/div><\/div><!-- porto-sicon-box -->[\/vc_column][vc_column width=&#8221;1\/3&#8243; animation_type=&#8221;fadeInUp&#8221;]<div class=\"porto-sicon-box pb-4  wpb_custom_1efe903570d178ff0a9b7bfa5febd3a4 style_1 left-icon\"><div class=\"porto-sicon-left\"><div class=\"porto-just-icon-wrapper porto-icon advanced\" style=\"color:#0088cc;background:#ffffff;width:60px;height:60px;line-height:60px;border-radius:500px;font-size:28px;\"><i class=\"Simple-Line-Icons-book-open\"><\/i><\/div><\/div><div class=\"porto-sicon-body\"><div class=\"porto-sicon-header\"><h3 class=\"porto-sicon-title\" style=\"font-weight:700;font-size:1.2em;line-height:1;\">SEGUROS EDUCACIONAIS<\/h3><\/div> <!-- header --><div class=\"porto-sicon-description\" style=\"color:rgba(255,255,255,0.7);\">Seguran\u00e7a para a institui\u00e7\u00e3o de ensino e tranquilidade para o aluno.<\/div> <!-- description --><\/div><\/div><!-- porto-sicon-box --><div class=\"porto-sicon-box pb-4  wpb_custom_1efe903570d178ff0a9b7bfa5febd3a4 style_1 left-icon\"><div class=\"porto-sicon-left\"><div class=\"porto-just-icon-wrapper porto-icon advanced\" style=\"color:#0088cc;background:#ffffff;width:60px;height:60px;line-height:60px;border-radius:500px;font-size:28px;\"><i class=\"Simple-Line-Icons-user\"><\/i><\/div><\/div><div class=\"porto-sicon-body\"><div class=\"porto-sicon-header\"><h3 class=\"porto-sicon-title\" style=\"font-weight:700;font-size:1.2em;line-height:1;\">SEGUROS PESSOAIS<\/h3><\/div> <!-- header --><div class=\"porto-sicon-description\" style=\"color:rgba(255,255,255,0.7);\">Um seguro pessoal para cada momento da sua vida.<\/div> <!-- description --><\/div><\/div><!-- porto-sicon-box -->[\/vc_column][vc_column width=&#8221;1\/3&#8243; animation_delay=&#8221;300&#8243; animation_type=&#8221;fadeInLeft&#8221;]<div class=\"porto-sicon-box pb-4  wpb_custom_1efe903570d178ff0a9b7bfa5febd3a4 style_1 left-icon\"><div class=\"porto-sicon-left\"><div class=\"porto-just-icon-wrapper porto-icon advanced\" style=\"color:#0088cc;background:#ffffff;width:60px;height:60px;line-height:60px;border-radius:500px;font-size:28px;\"><i class=\"fas fa-heartbeat\"><\/i><\/div><\/div><div class=\"porto-sicon-body\"><div class=\"porto-sicon-header\"><h3 class=\"porto-sicon-title\" style=\"font-weight:700;font-size:1.2em;line-height:1;\">PME SA\u00daDE E ODONTO<\/h3><\/div> <!-- header --><div class=\"porto-sicon-description\" style=\"color:rgba(255,255,255,0.7);\">Consultoria focada em solu\u00e7\u00f5es de Planos e Seguros de sa\u00fade<\/div> <!-- description --><\/div><\/div><!-- porto-sicon-box --><div class=\"porto-sicon-box pb-4  wpb_custom_1efe903570d178ff0a9b7bfa5febd3a4 style_1 left-icon\"><div class=\"porto-sicon-left\"><div class=\"porto-just-icon-wrapper porto-icon advanced\" style=\"color:#0088cc;background:#ffffff;width:60px;height:60px;line-height:60px;border-radius:500px;font-size:28px;\"><i class=\"Simple-Line-Icons-plus\"><\/i><\/div><\/div><div class=\"porto-sicon-body\"><div class=\"porto-sicon-header\"><h3 class=\"porto-sicon-title\" style=\"font-weight:700;font-size:1.2em;line-height:1;\">OUTROS SEGUROS<\/h3><\/div> <!-- header --><div class=\"porto-sicon-description\" style=\"color:rgba(255,255,255,0.7);\">Precisando de mais informa\u00e7\u00f5es, entre em contato.<\/div> <!-- description --><\/div><\/div><!-- porto-sicon-box -->[\/vc_column][\/vc_row][vc_row wrap_container=&#8221;yes&#8221; is_section=&#8221;yes&#8221; remove_margin_top=&#8221;yes&#8221; remove_margin_bottom=&#8221;yes&#8221; remove_border=&#8221;yes&#8221; css=&#8221;.vc_custom_1666472628101{padding-top: 60px !important;padding-bottom: 0px !important;}&#8221; el_id=&#8221;quem-somos&#8221;][vc_column][vc_row_inner content_placement=&#8221;middle&#8221; el_class=&#8221;justify-content-center&#8221;][vc_column_inner el_class=&#8221;order-md-2&#8243; width=&#8221;1\/2&#8243; animation_delay=&#8221;300&#8243; offset=&#8221;vc_col-xs-9&#8243; animation_type=&#8221;fadeInLeft&#8221;][vc_single_image image=&#8221;2414&#8243; img_size=&#8221;full&#8221; el_class=&#8221;scale-6&#8243; css=&#8221;.vc_custom_1666472569812{margin-bottom: 80px !important;}&#8221;][\/vc_column_inner][vc_column_inner width=&#8221;1\/2&#8243; animation_type=&#8221;fadeInLeft&#8221;][vc_custom_heading text=&#8221;<b>Quem<\/b> Somos&#8221; font_container=&#8221;tag:h2|font_size:25px|text_align:left&#8221; use_theme_fonts=&#8221;yes&#8221; css=&#8221;.vc_custom_1666447521297{margin-bottom: 20px !important;}&#8221;][vc_column_text]<\/p>\n<p class=\"lead\">Uma empresa brasileira de gest\u00e3o de benef\u00edcios que nasceu com um prop\u00f3sito de ajudar voc\u00ea a transformar a vida das suas equipes e familiares por meio do conforto e da prote\u00e7\u00e3o que os planos de sa\u00fade, odontol\u00f3gicos e seguros podem proporcionar.<\/p>\n<p>[\/vc_column_text][\/vc_column_inner][\/vc_row_inner][\/vc_column][\/vc_row][vc_row wrap_container=&#8221;yes&#8221; is_section=&#8221;yes&#8221; section_skin=&#8221;parallax&#8221; remove_margin_top=&#8221;yes&#8221; remove_margin_bottom=&#8221;yes&#8221; remove_border=&#8221;yes&#8221; el_id=&#8221;noticias&#8221;][vc_column][vc_custom_heading text=&#8221;<b>Not\u00edcias<\/b>&#8221; font_container=&#8221;tag:h2|font_size:25px|text_align:left&#8221; use_theme_fonts=&#8221;yes&#8221; css=&#8221;.vc_custom_1666466550487{margin-bottom: 20px !important;}&#8221;]<div class=\"porto-recent-posts wpb_content_element  mb-0\">\t<div class=\"row\">\n\t\t<div class=\"post-carousel porto-carousel owl-carousel\" data-plugin-options=\"{&quot;themeConfig&quot;:true,&quot;lg&quot;:4,&quot;md&quot;:3,&quot;sm&quot;:2}\">\n\t\t\t<div class=\"post-slide\">\t<div class=\"post-item post-title-simple\">\n\t\t\t\t<div class=\"post-date\">\n\t\t\t<span class=\"day\">13<\/span><span class=\"month\">out<\/span><time datetime=\"2022-10-13\">outubro 13, 2022<\/time>\t\t<\/div>\n\t\t\t\t\t\t<h4><a href=\"https:\/\/aragaoconsultores.com.br\/?p=16\">Entenda como funciona a ap\u00f3lice de seguro garantia<\/a><\/h4>\n\t\t\t\t<p class=\"post-excerpt\">Voc\u00ea j\u00e1 ouviu falar na ap\u00f3lice de seguro garantia? Esse \u00e9...  <a class=\"read-more\" href=\"https:\/\/aragaoconsultores.com.br\/?p=16\">leia mais <i class=\"fas fa-angle-right\"><\/i><\/a><\/p>\t<\/div>\n<\/div><div class=\"post-slide\">\t<div class=\"post-item post-title-simple\">\n\t\t\t\t<div class=\"post-date\">\n\t\t\t<span class=\"day\">23<\/span><span class=\"month\">set<\/span><time datetime=\"2022-09-23\">setembro 23, 2022<\/time>\t\t<\/div>\n\t\t\t\t\t\t<h4><a href=\"https:\/\/aragaoconsultores.com.br\/?p=17\">Sancionada lei que p\u00f5e fim \u00e0 taxatividade do rol da ANS<\/a><\/h4>\n\t\t\t\t<p class=\"post-excerpt\">Foi publicada, no \u00faltimo dia 22\/09, no Di\u00e1rio Oficial da Uni\u00e3o...  <a class=\"read-more\" href=\"https:\/\/aragaoconsultores.com.br\/?p=17\">leia mais <i class=\"fas fa-angle-right\"><\/i><\/a><\/p>\t<\/div>\n<\/div>\t\t<\/div>\n\t<\/div>\n\t<\/div>[\/vc_column][\/vc_row][vc_row wrap_container=&#8221;yes&#8221; is_section=&#8221;yes&#8221; section_skin=&#8221;parallax&#8221; remove_margin_top=&#8221;yes&#8221; remove_margin_bottom=&#8221;yes&#8221; remove_border=&#8221;yes&#8221; css=&#8221;.vc_custom_1666472652753{background-color: #f9f9f9 !important;}&#8221; el_id=&#8221;fale-conosco&#8221;][vc_column width=&#8221;1\/2&#8243;]<div role=\"form\" class=\"wpcf7\" id=\"wpcf7-f74-o1\" lang=\"en-US\" dir=\"ltr\">\n<div class=\"screen-reader-response\"><p role=\"status\" aria-live=\"polite\" aria-atomic=\"true\"><\/p> <ul><\/ul><\/div>\n<form action=\"\/index.php?rest_route=%2Fwp%2Fv2%2Fpages%2F143#wpcf7-f74-o1\" method=\"post\" class=\"wpcf7-form init\" novalidate=\"novalidate\" data-status=\"init\">\n<div style=\"display: none;\">\n<input type=\"hidden\" name=\"_wpcf7\" value=\"74\" \/>\n<input type=\"hidden\" name=\"_wpcf7_version\" value=\"5.6.4\" \/>\n<input type=\"hidden\" name=\"_wpcf7_locale\" value=\"en_US\" \/>\n<input type=\"hidden\" name=\"_wpcf7_unit_tag\" value=\"wpcf7-f74-o1\" \/>\n<input type=\"hidden\" name=\"_wpcf7_container_post\" value=\"0\" \/>\n<input type=\"hidden\" name=\"_wpcf7_posted_data_hash\" value=\"\" \/>\n<\/div>\n<h2 class=\"short mb-2\"><b>Fale<\/b> Conosco<\/h2>\n<p class=\"mb-5\">Sinta-se \u00e0 vontade para solicitar maiores informa\u00e7\u00f5es!<\/p>\n<div class=\"row form-row\">\n<div class=\"col-lg-6\">\n<div class=\"form-group\">\n            <label for=\"contact-name\" class=\"font-weight-bold text-dark\">Nome *<\/label><br \/>\n            <span class=\"wpcf7-form-control-wrap\" data-name=\"your-name\"><input type=\"text\" name=\"your-name\" value=\"\" size=\"40\" class=\"wpcf7-form-control wpcf7-text wpcf7-validates-as-required form-control\" id=\"contact-name\" aria-required=\"true\" aria-invalid=\"false\" \/><\/span>\n        <\/div>\n<\/div>\n<div class=\"col-lg-6\">\n<div class=\"form-group\">\n            <label for=\"contact-email\" class=\"font-weight-bold text-dark\">Email *<\/label><br \/>\n            <span class=\"wpcf7-form-control-wrap\" data-name=\"your-email\"><input type=\"email\" name=\"your-email\" value=\"\" size=\"40\" class=\"wpcf7-form-control wpcf7-text wpcf7-email wpcf7-validates-as-required wpcf7-validates-as-email form-control\" id=\"contact-email\" aria-required=\"true\" aria-invalid=\"false\" \/><\/span>\n        <\/div>\n<\/div>\n<div class=\"col-lg-12\">\n<div class=\"form-group\">\n            <label for=\"contact-subject\" class=\"font-weight-bold text-dark\">Assunto<\/label><br \/>\n            <span class=\"wpcf7-form-control-wrap\" data-name=\"your-subject\"><input type=\"text\" name=\"your-subject\" value=\"\" size=\"40\" class=\"wpcf7-form-control wpcf7-text form-control\" id=\"contact-subject\" aria-invalid=\"false\" \/><\/span>\n        <\/div>\n<\/div>\n<div class=\"col-lg-12\">\n<div class=\"form-group\">\n            <label for=\"contact-message\" class=\"font-weight-bold text-dark\">Mensagem<\/label><br \/>\n            <span class=\"wpcf7-form-control-wrap\" data-name=\"your-message\"><textarea name=\"your-message\" cols=\"40\" rows=\"10\" class=\"wpcf7-form-control wpcf7-textarea form-control\" id=\"contact-message\" aria-invalid=\"false\"><\/textarea><\/span>\n        <\/div>\n<\/div>\n<div class=\"col-lg-12\">\n<div class=\"form-group\">\n            <input type=\"submit\" value=\"Enviar\" class=\"wpcf7-form-control has-spinner wpcf7-submit btn btn-primary btn-modern\" \/>\n        <\/div>\n<\/div>\n<\/div>\n<div class=\"wpcf7-response-output\" aria-hidden=\"true\"><\/div><\/form><\/div>[\/vc_column][vc_column width=&#8221;1\/2&#8243; css=&#8221;.vc_custom_1666467323180{margin-top: 90px !important;border-top-width: 90px !important;padding-top: 20px !important;}&#8221;][vc_custom_heading text=&#8221;Fale com a gente&#8221; font_container=&#8221;tag:h2|font_size:25px|text_align:left&#8221; use_theme_fonts=&#8221;yes&#8221; css=&#8221;.vc_custom_1666478719901{margin-bottom: 20px !important;}&#8221;]<div class=\"porto-sicon-box  wpb_custom_1efe903570d178ff0a9b7bfa5febd3a4 style_1 default-icon\"><div class=\"porto-sicon-default\"><div class=\"porto-just-icon-wrapper porto-icon none\" style=\"color:#1e73be;font-size:25px;\"><i class=\"fas fa-phone-square\"><\/i><\/div><\/div><div class=\"porto-sicon-header\"><p>(21) 3851-5319<\/p><\/div> <!-- header --><\/div><!-- porto-sicon-box --><div class=\"porto-sicon-box  wpb_custom_1efe903570d178ff0a9b7bfa5febd3a4 style_1 default-icon\"><div class=\"porto-sicon-default\"><div class=\"porto-just-icon-wrapper porto-icon none\" style=\"color:#1e73be;font-size:25px;\"><i class=\"fas fa-map-marker-alt\"><\/i><\/div><\/div><div class=\"porto-sicon-header\"><p>Avenida Presidente Vargas 583 Sala 1918 E 1919- Centro - Cep: 20071003 - Rio de Janeiro\/RJ<\/p><\/div> <!-- header --><\/div><!-- porto-sicon-box --><div class=\"porto-sicon-box  vc_custom_1666626445541  wpb_custom_1efe903570d178ff0a9b7bfa5febd3a4 style_1 default-icon\"><div class=\"porto-sicon-default\"><div class=\"porto-just-icon-wrapper porto-icon none\" style=\"color:#1e73be;font-size:25px;\"><i class=\"fas fa-envelope\"><\/i><\/div><\/div><div class=\"porto-sicon-header\"><p>beneficios@aragaoconsultores.com.br<\/p><\/div> <!-- header --><\/div><!-- porto-sicon-box -->[vc_custom_heading text=&#8221;Hor\u00e1rio Comercial&#8221; font_container=&#8221;tag:h2|font_size:25px|text_align:left&#8221; use_theme_fonts=&#8221;yes&#8221; css=&#8221;.vc_custom_1666472894680{margin-bottom: 20px !important;}&#8221;]<div class=\"porto-sicon-box  wpb_custom_1efe903570d178ff0a9b7bfa5febd3a4 style_1 default-icon\"><div class=\"porto-sicon-default\"><div class=\"porto-just-icon-wrapper porto-icon none\" style=\"color:#1e73be;font-size:25px;\"><i class=\"far fa-clock\"><\/i><\/div><\/div><div class=\"porto-sicon-header\"><p>Segunda a Sexta das 8h30 \u00e0s 17h<\/p><\/div> <!-- header --><\/div><!-- porto-sicon-box --><div class=\"porto-sicon-box  wpb_custom_1efe903570d178ff0a9b7bfa5febd3a4 style_1 default-icon\"><div class=\"porto-sicon-default\"><div class=\"porto-just-icon-wrapper porto-icon none\" style=\"color:#1e73be;font-size:25px;\"><i class=\"far fa-clock\"><\/i><\/div><\/div><div class=\"porto-sicon-header\"><p>S\u00e1bado - Fechado<\/p><\/div> <!-- header --><\/div><!-- porto-sicon-box --><div class=\"porto-sicon-box  wpb_custom_1efe903570d178ff0a9b7bfa5febd3a4 style_1 default-icon\"><div class=\"porto-sicon-default\"><div class=\"porto-just-icon-wrapper porto-icon none\" style=\"color:#1e73be;font-size:25px;\"><i class=\"far fa-clock\"><\/i><\/div><\/div><div class=\"porto-sicon-header\"><p>Domingo - Fechado<\/p><\/div> <!-- header --><\/div><!-- porto-sicon-box -->[\/vc_column][\/vc_row]<\/p>\n","protected":false},"excerpt":{"rendered":"<p>[vc_row wrap_container=&#8221;yes&#8221; css=&#8221;.vc_custom_1544198523006{padding-top: 80px !important;padding-bottom: 80px !important;}&#8221;][vc_column width=&#8221;5\/6&#8243; offset=&#8221;vc_col-sm-offset-1&#8243;][vc_column_text css_animation=&#8221;fadeInUp&#8221; el_class=&#8221;lead mb-0&#8243;] Solu\u00e7\u00f5es em seguros e consultoria sob medida para pessoas e empresas, atrav\u00e9s da tecnologia e da inova\u00e7\u00e3o, trazendo alta performance para a sua vida e seu neg\u00f3cio. [\/vc_column_text][\/vc_column][\/vc_row][vc_row wrap_container=&#8221;yes&#8221; section_text_color=&#8221;light&#8221; is_section=&#8221;yes&#8221; section_skin=&#8221;primary&#8221; remove_margin_top=&#8221;yes&#8221; remove_margin_bottom=&#8221;yes&#8221; remove_border=&#8221;yes&#8221; animation_delay=&#8221;&#8221; css=&#8221;.vc_custom_1666472604049{padding-top: 90px !important;padding-bottom: 120px !important;}&#8221; el_class=&#8221;section-info-boxes&#8221; el_id=&#8221;seguros&#8221;][vc_column [&hellip;]<\/p>\n","protected":false},"author":1,"featured_media":0,"parent":0,"menu_order":0,"comment_status":"closed","ping_status":"closed","template":"","meta":{"_joinchat":[],"footnotes":""},"class_list":["post-143","page","type-page","status-publish","hentry"],"_links":{"self":[{"href":"https:\/\/aragaoconsultores.com.br\/index.php?rest_route=\/wp\/v2\/pages\/143","targetHints":{"allow":["GET"]}}],"collection":[{"href":"https:\/\/aragaoconsultores.com.br\/index.php?rest_route=\/wp\/v2\/pages"}],"about":[{"href":"https:\/\/aragaoconsultores.com.br\/index.php?rest_route=\/wp\/v2\/types\/page"}],"author":[{"embeddable":true,"href":"https:\/\/aragaoconsultores.com.br\/index.php?rest_route=\/wp\/v2\/users\/1"}],"replies":[{"embeddable":true,"href":"https:\/\/aragaoconsultores.com.br\/index.php?rest_route=%2Fwp%2Fv2%2Fcomments&post=143"}],"version-history":[{"count":60,"href":"https:\/\/aragaoconsultores.com.br\/index.php?rest_route=\/wp\/v2\/pages\/143\/revisions"}],"predecessor-version":[{"id":2454,"href":"https:\/\/aragaoconsultores.com.br\/index.php?rest_route=\/wp\/v2\/pages\/143\/revisions\/2454"}],"wp:attachment":[{"href":"https:\/\/aragaoconsultores.com.br\/index.php?rest_route=%2Fwp%2Fv2%2Fmedia&parent=143"}],"curies":[{"name":"wp","href":"https:\/\/api.w.org\/{rel}","templated":true}]}}